{"id":209,"date":"2026-01-27T09:24:03","date_gmt":"2026-01-27T08:24:03","guid":{"rendered":"https:\/\/serwer390438.lh.pl\/autoinstalator\/serwer390438.lh.pl\/wordpress147718\/?page_id=209"},"modified":"2026-01-27T09:24:35","modified_gmt":"2026-01-27T08:24:35","slug":"blog","status":"publish","type":"page","link":"https:\/\/heves.pl\/index.php\/blog\/","title":{"rendered":"Blog"},"content":{"rendered":"\t\t<div data-elementor-type=\"wp-page\" data-elementor-id=\"209\" class=\"elementor elementor-209\" data-elementor-post-type=\"page\">\n\t\t\t\t<div class=\"elementor-element elementor-element-72de1e5d e-flex e-con-boxed e-con e-parent\" data-id=\"72de1e5d\" data-element_type=\"container\" data-e-type=\"container\" data-settings=\"{&quot;background_background&quot;:&quot;classic&quot;}\">\n\t\t\t\t\t<div class=\"e-con-inner\">\n\t\t<div class=\"elementor-element elementor-element-b500086 e-con-full e-flex e-con e-child\" data-id=\"b500086\" data-element_type=\"container\" data-e-type=\"container\">\n\t\t\t\t<div class=\"elementor-element elementor-element-77b5ca3e elementor-widget elementor-widget-heading\" data-id=\"77b5ca3e\" data-element_type=\"widget\" data-e-type=\"widget\" data-widget_type=\"heading.default\">\n\t\t\t\t\t<h1 class=\"elementor-heading-title elementor-size-default\">Blog - Zobacz nasze Wpisy<\/h1>\t\t\t\t<\/div>\n\t\t\t\t<div class=\"elementor-element elementor-element-5eacec2a elementor-widget elementor-widget-text-editor\" data-id=\"5eacec2a\" data-element_type=\"widget\" data-e-type=\"widget\" data-widget_type=\"text-editor.default\">\n\t\t\t\t\t\t\t\t\t<p><a href=\"#\">Homepage<\/a> &gt; Blogs<\/p>\t\t\t\t\t\t\t\t<\/div>\n\t\t\t\t<\/div>\n\t\t\t\t\t<\/div>\n\t\t\t\t<\/div>\n\t\t<div class=\"elementor-element elementor-element-3501e94 e-flex e-con-boxed e-con e-parent\" data-id=\"3501e94\" data-element_type=\"container\" data-e-type=\"container\">\n\t\t\t\t\t<div class=\"e-con-inner\">\n\t\t<div class=\"elementor-element elementor-element-3bf55b71 e-con-full e-flex e-con e-child\" data-id=\"3bf55b71\" data-element_type=\"container\" data-e-type=\"container\">\n\t\t\t\t<div class=\"elementor-element elementor-element-400b466e elementor-widget elementor-widget-heading\" data-id=\"400b466e\" data-element_type=\"widget\" data-e-type=\"widget\" data-widget_type=\"heading.default\">\n\t\t\t\t\t<p class=\"elementor-heading-title elementor-size-default\">Blog &amp; Artyku\u0142y<\/p>\t\t\t\t<\/div>\n\t\t\t\t<div class=\"elementor-element elementor-element-58ed5872 elementor-widget elementor-widget-heading\" data-id=\"58ed5872\" data-element_type=\"widget\" data-e-type=\"widget\" data-widget_type=\"heading.default\">\n\t\t\t\t\t<h2 class=\"elementor-heading-title elementor-size-default\">Zobacz nasze ostanie Wpisy!<\/h2>\t\t\t\t<\/div>\n\t\t\t\t<\/div>\n\t\t\t\t<div class=\"elementor-element elementor-element-3ef5450 elementor-widget elementor-widget-rkit-post-grid-post\" data-id=\"3ef5450\" data-element_type=\"widget\" data-e-type=\"widget\" data-widget_type=\"rkit-post-grid-post.default\">\n\t\t\t\t<div class=\"elementor-widget-container\">\n\t\t\t\t\t        <div class=\"rkit-post-grid\">\n                            <div class=\"rkit-post-grid-card  elementor-animation-\">\n                                            <div class=\"rkit-image-container\">\n                                                            <div class=\"rkit-floating-category\">\n                                                                            <div class=\"rkit-floating-category-div\">\n                                            <a class=\"rkit-floating-category-btn\" type=\"button\" href=\"https:\/\/heves.pl\/index.php\/category\/bez-kategorii\/\">Bez kategorii<\/a>\n                                        <\/div>\n                                                                    <\/div>\n                                                        <a class=\"rkit-image-link\" style=\"overflow: hidden;\" href=\"https:\/\/heves.pl\/index.php\/2026\/01\/27\/kontener-na-dzialce-bez-pozwolenia-czy-to-w-ogole-mozliwe\/\">\n                                <img fetchpriority=\"high\" decoding=\"async\" width=\"1920\" height=\"1280\" src=\"https:\/\/heves.pl\/wp-content\/uploads\/2026\/01\/Projekt-bez-nazwy-27.png\" class=\"rkit-post-grid-img wp-post-image\" alt=\"\" srcset=\"https:\/\/heves.pl\/wp-content\/uploads\/2026\/01\/Projekt-bez-nazwy-27.png 1920w, https:\/\/heves.pl\/wp-content\/uploads\/2026\/01\/Projekt-bez-nazwy-27-300x200.png 300w, https:\/\/heves.pl\/wp-content\/uploads\/2026\/01\/Projekt-bez-nazwy-27-1024x683.png 1024w, https:\/\/heves.pl\/wp-content\/uploads\/2026\/01\/Projekt-bez-nazwy-27-768x512.png 768w, https:\/\/heves.pl\/wp-content\/uploads\/2026\/01\/Projekt-bez-nazwy-27-1536x1024.png 1536w\" sizes=\"(max-width: 1920px) 100vw, 1920px\" \/>                            <\/a>\n                                                    <\/div>\n                                        <div class=\"rkit-post-grid-body \">\n                                                    <div class=\"rkit-metadata\">\n                                                                                <div class=\"rkit-metadata-item\">\n                                                    <i aria-hidden=\"true\" class=\"rkit-meta-icon rtmicon rtmicon-circle-user\"><\/i>                                                    <a href=\"https:\/\/heves.pl\/index.php\/author\/pokazsie\/\" title=\"Wpisy od pokazsie\" rel=\"author\">pokazsie<\/a>                                                <\/div>\n                                                                                            <div class=\"rkit-metadata-item\">\n                                                    <i aria-hidden=\"true\" class=\"rkit-meta-icon rtmicon rtmicon-calendar\"><\/i>                                                    <span>27 stycznia, 2026<\/span>\n                                                <\/div>\n                                                                        <\/div>\n                                                                            <div class=\"rkit-post-grid-title-container\">\n                                <a class=\"rkit-post-grid-title\" href=\"https:\/\/heves.pl\/index.php\/2026\/01\/27\/kontener-na-dzialce-bez-pozwolenia-czy-to-w-ogole-mozliwe\/\">Kontener na dzia\u0142ce bez pozwolenia \u2013 czy to w og\u00f3le mo\u017cliwe?<\/a>\n                            <\/div>\n                                                                                                    <div class=\"rkit-post-grid-content\">\n                                <p class=\"rkit-post-grid-paragraph\">Homepage &gt; Single Post Recent Blog 27 stycznia, 2026 Kontener na dzia\u0142ce bez pozwolenia \u2013&hellip;                                <\/p>\n                            <\/div>\n                                                                                            <\/div>\n                <\/div>\n        <\/div>\n        \t\t\t\t<\/div>\n\t\t\t\t<\/div>\n\t\t\t\t\t<\/div>\n\t\t\t\t<\/div>\n\t\t\t\t<\/div>\n\t\t","protected":false},"excerpt":{"rendered":"<p>Blog &#8211; Zobacz nasze Wpisy Homepage &gt; Blogs Blog &amp; Artyku\u0142y Zobacz nasze ostanie Wpisy! Bez kategorii pokazsie 16 stycznia, 2026 Witaj, \u015bwiecie! Witamy w WordPressie. To jest tw\u00f3j pierwszy wpis. Edytuj go lub usu\u0144, a nast\u0119pnie zacznij&hellip;<\/p>\n","protected":false},"author":1,"featured_media":0,"parent":0,"menu_order":0,"comment_status":"closed","ping_status":"closed","template":"elementor_header_footer","meta":{"footnotes":""},"class_list":["post-209","page","type-page","status-publish","hentry"],"_links":{"self":[{"href":"https:\/\/heves.pl\/index.php\/wp-json\/wp\/v2\/pages\/209","targetHints":{"allow":["GET"]}}],"collection":[{"href":"https:\/\/heves.pl\/index.php\/wp-json\/wp\/v2\/pages"}],"about":[{"href":"https:\/\/heves.pl\/index.php\/wp-json\/wp\/v2\/types\/page"}],"author":[{"embeddable":true,"href":"https:\/\/heves.pl\/index.php\/wp-json\/wp\/v2\/users\/1"}],"replies":[{"embeddable":true,"href":"https:\/\/heves.pl\/index.php\/wp-json\/wp\/v2\/comments?post=209"}],"version-history":[{"count":4,"href":"https:\/\/heves.pl\/index.php\/wp-json\/wp\/v2\/pages\/209\/revisions"}],"predecessor-version":[{"id":214,"href":"https:\/\/heves.pl\/index.php\/wp-json\/wp\/v2\/pages\/209\/revisions\/214"}],"wp:attachment":[{"href":"https:\/\/heves.pl\/index.php\/wp-json\/wp\/v2\/media?parent=209"}],"curies":[{"name":"wp","href":"https:\/\/api.w.org\/{rel}","templated":true}]}}