{"id":127,"date":"2026-01-26T11:10:53","date_gmt":"2026-01-26T10:10:53","guid":{"rendered":"https:\/\/serwer390438.lh.pl\/autoinstalator\/serwer390438.lh.pl\/wordpress147718\/?page_id=127"},"modified":"2026-04-04T13:05:19","modified_gmt":"2026-04-04T11:05:19","slug":"kontakt","status":"publish","type":"page","link":"https:\/\/heves.pl\/index.php\/kontakt\/","title":{"rendered":"Kontakt"},"content":{"rendered":"\t\t<div data-elementor-type=\"wp-page\" data-elementor-id=\"127\" class=\"elementor elementor-127\" data-elementor-post-type=\"page\">\n\t\t\t\t<div class=\"elementor-element elementor-element-369302cc e-flex e-con-boxed e-con e-parent\" data-id=\"369302cc\" data-element_type=\"container\" data-e-type=\"container\" data-settings=\"{&quot;background_background&quot;:&quot;classic&quot;}\">\n\t\t\t\t\t<div class=\"e-con-inner\">\n\t\t<div class=\"elementor-element elementor-element-3a6aa25 e-con-full e-flex e-con e-child\" data-id=\"3a6aa25\" data-element_type=\"container\" data-e-type=\"container\">\n\t\t\t\t<div class=\"elementor-element elementor-element-62b76d68 elementor-widget elementor-widget-heading\" data-id=\"62b76d68\" data-element_type=\"widget\" data-e-type=\"widget\" data-widget_type=\"heading.default\">\n\t\t\t\t\t<h2 class=\"elementor-heading-title elementor-size-default\">Skontaktuj si\u0119\u00a0z nami<\/h2>\t\t\t\t<\/div>\n\t\t\t\t<div class=\"elementor-element elementor-element-1f9e85e9 elementor-widget elementor-widget-text-editor\" data-id=\"1f9e85e9\" data-element_type=\"widget\" data-e-type=\"widget\" data-widget_type=\"text-editor.default\">\n\t\t\t\t\t\t\t\t\t<p><a href=\"#\">Strona g\u0142\u00f3wna<\/a> &gt; Kontakt<\/p>\t\t\t\t\t\t\t\t<\/div>\n\t\t\t\t<\/div>\n\t\t\t\t\t<\/div>\n\t\t\t\t<\/div>\n\t\t<div class=\"elementor-element elementor-element-a2661f8 e-flex e-con-boxed e-con e-parent\" data-id=\"a2661f8\" data-element_type=\"container\" data-e-type=\"container\" data-settings=\"{&quot;background_background&quot;:&quot;classic&quot;}\">\n\t\t\t\t\t<div class=\"e-con-inner\">\n\t\t<div class=\"elementor-element elementor-element-7a98b1b7 e-con-full e-flex e-con e-child\" data-id=\"7a98b1b7\" data-element_type=\"container\" data-e-type=\"container\">\n\t\t\t\t<div class=\"elementor-element elementor-element-477e40a3 elementor-widget elementor-widget-heading\" data-id=\"477e40a3\" data-element_type=\"widget\" data-e-type=\"widget\" data-widget_type=\"heading.default\">\n\t\t\t\t\t<h2 class=\"elementor-heading-title elementor-size-default\">Rozpocznijmy wsp\u00f3\u0142prac\u0119!<\/h2>\t\t\t\t<\/div>\n\t\t\t\t<div class=\"elementor-element elementor-element-19d8e6be elementor-widget elementor-widget-text-editor\" data-id=\"19d8e6be\" data-element_type=\"widget\" data-e-type=\"widget\" data-widget_type=\"text-editor.default\">\n\t\t\t\t\t\t\t\t\t<p>Nasz zesp\u00f3\u0142 ch\u0119tnie odpowie na pytania dotycz\u0105ce oferty, wyceny, czasu realizacji oraz mo\u017cliwo\u015bci indywidualnego projektu. Skontaktuj si\u0119 z nami telefonicznie lub mailowo &#8211; wr\u00f3cimy do Ciebie z konkretn\u0105 propozycj\u0105.<\/p>\t\t\t\t\t\t\t\t<\/div>\n\t\t\t\t<\/div>\n\t\t\t\t\t<\/div>\n\t\t\t\t<\/div>\n\t\t<div class=\"elementor-element elementor-element-35337d69 e-con-full e-flex e-con e-parent\" data-id=\"35337d69\" data-element_type=\"container\" data-e-type=\"container\" data-settings=\"{&quot;background_background&quot;:&quot;classic&quot;}\">\n\t\t<div class=\"elementor-element elementor-element-f89bb59 e-grid e-con-boxed e-con e-child\" data-id=\"f89bb59\" data-element_type=\"container\" data-e-type=\"container\">\n\t\t\t\t\t<div class=\"e-con-inner\">\n\t\t\t\t<div class=\"elementor-element elementor-element-943c52a elementor-widget elementor-widget-icon-box\" data-id=\"943c52a\" data-element_type=\"widget\" data-e-type=\"widget\" data-widget_type=\"icon-box.default\">\n\t\t\t\t\t\t\t<div class=\"elementor-icon-box-wrapper\">\n\n\t\t\t\n\t\t\t\t\t\t<div class=\"elementor-icon-box-content\">\n\n\t\t\t\t\t\t\t\t\t<h3 class=\"elementor-icon-box-title\">\n\t\t\t\t\t\t<span  >\n\t\t\t\t\t\t\tAnna (PL\/ENG)\t\t\t\t\t\t<\/span>\n\t\t\t\t\t<\/h3>\n\t\t\t\t\n\t\t\t\t\t\t\t\t\t<p class=\"elementor-icon-box-description\">\n\t\t\t\t\t\ta.kaminska@heveshome.eu <br>\n+48 720 800 241\t\t\t\t\t<\/p>\n\t\t\t\t\n\t\t\t<\/div>\n\t\t\t\n\t\t<\/div>\n\t\t\t\t\t\t<\/div>\n\t\t\t\t<div class=\"elementor-element elementor-element-852a4f3 elementor-widget elementor-widget-icon-box\" data-id=\"852a4f3\" data-element_type=\"widget\" data-e-type=\"widget\" data-widget_type=\"icon-box.default\">\n\t\t\t\t\t\t\t<div class=\"elementor-icon-box-wrapper\">\n\n\t\t\t\n\t\t\t\t\t\t<div class=\"elementor-icon-box-content\">\n\n\t\t\t\t\t\t\t\t\t<h3 class=\"elementor-icon-box-title\">\n\t\t\t\t\t\t<span  >\n\t\t\t\t\t\t\tKlaudia PL\t\t\t\t\t\t<\/span>\n\t\t\t\t\t<\/h3>\n\t\t\t\t\n\t\t\t\t\t\t\t\t\t<p class=\"elementor-icon-box-description\">\n\t\t\t\t\t\tsales@heves.eu <br>\n+48 720 800 219\t\t\t\t\t<\/p>\n\t\t\t\t\n\t\t\t<\/div>\n\t\t\t\n\t\t<\/div>\n\t\t\t\t\t\t<\/div>\n\t\t\t\t<div class=\"elementor-element elementor-element-467eb9d elementor-widget elementor-widget-icon-box\" data-id=\"467eb9d\" data-element_type=\"widget\" data-e-type=\"widget\" data-widget_type=\"icon-box.default\">\n\t\t\t\t\t\t\t<div class=\"elementor-icon-box-wrapper\">\n\n\t\t\t\n\t\t\t\t\t\t<div class=\"elementor-icon-box-content\">\n\n\t\t\t\t\t\t\t\t\t<h3 class=\"elementor-icon-box-title\">\n\t\t\t\t\t\t<span  >\n\t\t\t\t\t\t\tMaciej (PL\/ENG)\t\t\t\t\t\t<\/span>\n\t\t\t\t\t<\/h3>\n\t\t\t\t\n\t\t\t\t\t\t\t\t\t<p class=\"elementor-icon-box-description\">\n\t\t\t\t\t\tm.towarek@heveshome.eu <br>\n+48 720 800 102\t\t\t\t\t<\/p>\n\t\t\t\t\n\t\t\t<\/div>\n\t\t\t\n\t\t<\/div>\n\t\t\t\t\t\t<\/div>\n\t\t\t\t\t<\/div>\n\t\t\t\t<\/div>\n\t\t\t\t<div class=\"elementor-element elementor-element-a03c6a8 elementor-widget elementor-widget-spacer\" data-id=\"a03c6a8\" data-element_type=\"widget\" data-e-type=\"widget\" data-widget_type=\"spacer.default\">\n\t\t\t\t\t\t\t<div class=\"elementor-spacer\">\n\t\t\t<div class=\"elementor-spacer-inner\"><\/div>\n\t\t<\/div>\n\t\t\t\t\t\t<\/div>\n\t\t\t\t<div class=\"elementor-element elementor-element-236d1c02 elementor-widget__width-initial elementor-widget elementor-widget-google_maps\" data-id=\"236d1c02\" data-element_type=\"widget\" data-e-type=\"widget\" data-widget_type=\"google_maps.default\">\n\t\t\t\t\t\t\t<div class=\"elementor-custom-embed\">\n\t\t\t<iframe loading=\"lazy\"\n\t\t\t\t\tsrc=\"https:\/\/maps.google.com\/maps?q=Stalowa%203%20Radom&#038;t=m&#038;z=14&#038;output=embed&#038;iwloc=near\"\n\t\t\t\t\ttitle=\"Stalowa 3 Radom\"\n\t\t\t\t\taria-label=\"Stalowa 3 Radom\"\n\t\t\t><\/iframe>\n\t\t<\/div>\n\t\t\t\t\t\t<\/div>\n\t\t\t\t<\/div>\n\t\t\t\t<\/div>\n\t\t","protected":false},"excerpt":{"rendered":"<p>Skontaktuj si\u0119\u00a0z nami Strona g\u0142\u00f3wna &gt; Kontakt Rozpocznijmy wsp\u00f3\u0142prac\u0119! Nasz zesp\u00f3\u0142 ch\u0119tnie odpowie na pytania dotycz\u0105ce oferty, wyceny, czasu realizacji oraz mo\u017cliwo\u015bci indywidualnego projektu. Skontaktuj si\u0119 z nami telefonicznie lub mailowo &#8211; wr\u00f3cimy do Ciebie z konkretn\u0105 propozycj\u0105. Anna (PL\/ENG) a.kaminska@heveshome.eu +48 720 800 241 Klaudia PL sales@heves.eu +48 720 800 219 Maciej (PL\/ENG) m.towarek@heveshome.eu [&hellip;]<\/p>\n","protected":false},"author":1,"featured_media":0,"parent":0,"menu_order":0,"comment_status":"closed","ping_status":"closed","template":"elementor_header_footer","meta":{"footnotes":""},"class_list":["post-127","page","type-page","status-publish","hentry"],"_links":{"self":[{"href":"https:\/\/heves.pl\/index.php\/wp-json\/wp\/v2\/pages\/127","targetHints":{"allow":["GET"]}}],"collection":[{"href":"https:\/\/heves.pl\/index.php\/wp-json\/wp\/v2\/pages"}],"about":[{"href":"https:\/\/heves.pl\/index.php\/wp-json\/wp\/v2\/types\/page"}],"author":[{"embeddable":true,"href":"https:\/\/heves.pl\/index.php\/wp-json\/wp\/v2\/users\/1"}],"replies":[{"embeddable":true,"href":"https:\/\/heves.pl\/index.php\/wp-json\/wp\/v2\/comments?post=127"}],"version-history":[{"count":19,"href":"https:\/\/heves.pl\/index.php\/wp-json\/wp\/v2\/pages\/127\/revisions"}],"predecessor-version":[{"id":371,"href":"https:\/\/heves.pl\/index.php\/wp-json\/wp\/v2\/pages\/127\/revisions\/371"}],"wp:attachment":[{"href":"https:\/\/heves.pl\/index.php\/wp-json\/wp\/v2\/media?parent=127"}],"curies":[{"name":"wp","href":"https:\/\/api.w.org\/{rel}","templated":true}]}}